{"id":1097,"date":"2021-03-22T23:32:57","date_gmt":"2021-03-23T02:32:57","guid":{"rendered":"http:\/\/mytop.com.br\/novo\/?page_id=1097"},"modified":"2022-10-11T19:39:42","modified_gmt":"2022-10-11T22:39:42","slug":"servicos-e-solucoes","status":"publish","type":"page","link":"https:\/\/mytop.com.br\/index.php\/servicos-e-solucoes\/","title":{"rendered":"Casa Inteligente"},"content":{"rendered":"[vc_row][vc_column][vc_single_image image=&#8221;1436&#8243; img_size=&#8221;full&#8221;][vc_column_text]Em uma casa automatizada, voc\u00ea pode controlar de forma individual ou integrada diversos recursos com nossos projetos especiais:<\/p>\n<ul>\n<li>Ilumina\u00e7\u00e3o e cenas<\/li>\n<li>Ar condicionado climatiza\u00e7\u00e3o<\/li>\n<li>Tvs conectadas a rede<\/li>\n<li>Som ambiente<\/li>\n<li>Home Cinema<\/li>\n<li>Home theater<\/li>\n<li>Cortinas e persianas<\/li>\n<li>Sistema de c\u00e2meras<\/li>\n<li>Fechadura biom\u00e9trica<\/li>\n<li>Banheira<\/li>\n<li>Port\u00e3o<\/li>\n<li>Comando de voz<\/li>\n<li>Flap de TV com motoriza\u00e7\u00e3o<\/li>\n<li>Lift para projetor<\/li>\n<li>Tela de proje\u00e7\u00e3o<\/li>\n<li>Teto panor\u00e2mico motorizado<\/li>\n<li>Acesso remoto para controlar sua casa de onde estiver mediante aplicativo da automa\u00e7\u00e3o.<\/li>\n<li>Internet r\u00e1pida cabeada e wi-fi com controle via aplicativo para monitorar a sua rede em tempo real.<\/li>\n<li>monitoramento das c\u00e2meras via aplicativo dedicado para voc\u00ea visualizar sua casa de onde estiver<\/li>\n<\/ul>\n<p>&nbsp;<\/p>\n<p><strong>Benef\u00edcios\u00a0<\/strong><\/p>\n<ul>\n<li>Aparelhos ocultos<\/li>\n<li>Mais seguran\u00e7a<\/li>\n<li>Praticidade<\/li>\n<li>Comodidade<\/li>\n<li>Economia de energia<\/li>\n<li>Cenas inteligentes das luzes e fun\u00e7\u00f5es<\/li>\n<li>Equipamentos modernos<\/li>\n<li>Facilidade ao usar as fun\u00e7\u00f5es via celular, controle \u00fanico ou comando de voz, voc\u00ea pode controlar sua casa quando estiver em viagem ou programar com fun\u00e7\u00f5es boa noite e desligar tudo, ou programar de acordo com sua necessidade.<\/li>\n<\/ul>\n[\/vc_column_text][\/vc_column][\/vc_row][vc_row][vc_column][\/vc_column][\/vc_row]\n","protected":false},"excerpt":{"rendered":"<p>[vc_row][vc_column][vc_single_image image=&#8221;1436&#8243; img_size=&#8221;full&#8221;][vc_column_text]Em uma casa automatizada, voc\u00ea pode controlar de forma individual ou integrada diversos recursos com nossos projetos especiais: Ilumina\u00e7\u00e3o e cenas Ar condicionado climatiza\u00e7\u00e3o Tvs conectadas a rede Som ambiente Home Cinema Home theater Cortinas e persianas Sistema de c\u00e2meras Fechadura biom\u00e9trica Banheira Port\u00e3o Comando de voz Flap de TV com motoriza\u00e7\u00e3o Lift [&hellip;]<\/p>\n","protected":false},"author":1,"featured_media":0,"parent":0,"menu_order":0,"comment_status":"closed","ping_status":"closed","template":"","meta":[],"_links":{"self":[{"href":"https:\/\/mytop.com.br\/index.php\/wp-json\/wp\/v2\/pages\/1097"}],"collection":[{"href":"https:\/\/mytop.com.br\/index.php\/wp-json\/wp\/v2\/pages"}],"about":[{"href":"https:\/\/mytop.com.br\/index.php\/wp-json\/wp\/v2\/types\/page"}],"author":[{"embeddable":true,"href":"https:\/\/mytop.com.br\/index.php\/wp-json\/wp\/v2\/users\/1"}],"replies":[{"embeddable":true,"href":"https:\/\/mytop.com.br\/index.php\/wp-json\/wp\/v2\/comments?post=1097"}],"version-history":[{"count":30,"href":"https:\/\/mytop.com.br\/index.php\/wp-json\/wp\/v2\/pages\/1097\/revisions"}],"predecessor-version":[{"id":1973,"href":"https:\/\/mytop.com.br\/index.php\/wp-json\/wp\/v2\/pages\/1097\/revisions\/1973"}],"wp:attachment":[{"href":"https:\/\/mytop.com.br\/index.php\/wp-json\/wp\/v2\/media?parent=1097"}],"curies":[{"name":"wp","href":"https:\/\/api.w.org\/{rel}","templated":true}]}}